{"id":80,"date":"2025-10-15T14:26:54","date_gmt":"2025-10-15T14:26:54","guid":{"rendered":"https:\/\/support-room4u.ch\/?page_id=80"},"modified":"2025-10-29T13:17:47","modified_gmt":"2025-10-29T13:17:47","slug":"faq","status":"publish","type":"page","link":"https:\/\/support-room4u.ch\/en\/faq\/","title":{"rendered":"FAQ"},"content":{"rendered":"<p>[et_pb_section fb_built=\u201c1\u2033 custom_padding_last_edited=\u201con|phone\u201c _builder_version=\u201c4.27.4\u2033 _module_preset=\u201cdefault\u201c custom_padding_tablet=\u201c0px||0px||true|false\u201c custom_padding_phone=\u201c||0px||false|false\u201c hover_enabled=\u201c0\u2033 global_colors_info=\u201c{}\u201c sticky_enabled=\u201c0\u2033][et_pb_row _builder_version=\u201c4.27.4\u2033 _module_preset=\u201cdefault\u201c hover_enabled=\u201c0\u2033 global_colors_info=\u201c{}\u201c custom_padding=\u201c||0px||false|false\u201c sticky_enabled=\u201c0\u2033 width_last_edited=\u201con|phone\u201c width_tablet=\u201c90%\u201c width_phone=\u201c90%\u201c][et_pb_column type=\u201c4_4\u2033 _builder_version=\u201c4.16\u2033 _module_preset=\u201cdefault\u201c global_colors_info=\u201c{}\u201c][et_pb_text _builder_version=\u201c4.27.4\u2033 _module_preset=\u201cdefault\u201c text_font=\u201c-et_global_body_font||||||||\u201c header_font_size=\u201c36px\u201c header_6_font_size=\u201c16px\u201c hover_enabled=\u201c0\u2033 header_font_size_tablet=\u201c50px\u201c header_font_size_phone=\u201c22px\u201c header_font_size_last_edited=\u201con|desktop\u201c global_colors_info=\u201c{}\u201c sticky_enabled=\u201c0\u2033]<\/p>\n<h1>FAQ on storage rooms<\/h1>\n<h6>We are happy to answer your questions<\/h6>\n<p>[\/et_pb_text][\/et_pb_column][\/et_pb_row][et_pb_row _builder_version=\u201c4.27.4\u2033 _module_preset=\u201cdefault\u201c hover_enabled=\u201c0\u2033 global_colors_info=\u201c{}\u201c width_last_edited=\u201con|tablet\u201c width_tablet=\u201c90%\u201c sticky_enabled=\u201c0\u2033 width_phone=\u201c90%\u201c][et_pb_column type=\u201c4_4\u2033 _builder_version=\u201c4.16\u2033 _module_preset=\u201cdefault\u201c global_colors_info=\u201c{}\u201c][et_pb_accordion _builder_version=\u201c4.27.4\u2033 _module_preset=\u201cdefault\u201c hover_enabled=\u201c0\u2033 global_colors_info=\u201c{}\u201c toggle_line_height=\u201c1.2em\u201c sticky_enabled=\u201c0\u2033][et_pb_accordion_item title=\u201cWhat types of storage space does Room 4 U offer? \u201c open=\u201con\u201c _builder_version=\u201c4.27.4\u2033 _module_preset=\u201cdefault\u201c body_link_text_color=\u201c#EF7D00\u2033 global_colors_info=\u201c{}\u201c]<\/p>\n<p>Warehouses, hobby rooms, studios, offices, workshops, garages.<\/p>\n<p>[\/et_pb_accordion_item][et_pb_accordion_item title=\u201cWhat can I store in a storage unit at Room4U? \u201c _builder_version=\u201c4.27.4\u2033 _module_preset=\u201cdefault\u201c body_link_text_color=\u201c#EF7D00\u2033 global_colors_info=\u201c{}\u201c open=\u201coff\u201c]<\/p>\n<p>Furniture, memorabilia, files, goods, collections, materials, etc. - everything except hazardous goods.<\/p>\n<p>[\/et_pb_accordion_item][et_pb_accordion_item title=\u201cHow big are the available rooms and how do I find the right size for my needs? \u201c _builder_version=\u201c4.27.4\u2033 _module_preset=\u201cdefault\u201c body_link_text_color=\u201c#EF7D00\u2033 global_colors_info=\u201c{}\u201c open=\u201coff\u201c]4m\u00b2 to 64m\u00b2 - Viewings and consultations are possible without obligation and on site. [\/et_pb_accordion_item][et_pb_accordion_item title=\u201cHow secure are the storage rooms and offices? Is there video surveillance and access control? \u201c _builder_version=\u201c4.27.4\u2033 _module_preset=\u201cdefault\u201c body_link_text_color=\u201c#EF7D00\u2033 global_colors_info=\u201c{}\u201c open=\u201coff\u201c]Video surveillance, modern locking systems, access control[\/et_pb_accordion_item][et_pb_accordion_item title=\u201cHow does access to my room work - do I have access at all times (24\/7)? \u201c _builder_version=\u201c4.27.4\u2033 _module_preset=\u201cdefault\u201c body_link_text_color=\u201c#EF7D00\u2033 global_colors_info=\u201c{}\u201c open=\u201coff\u201c]365 days of the year access, but building closed from 0.00am to 06.00am. Exit always granted, but access then no longer possible. [\/et_pb_accordion_item][et_pb_accordion_item title=\u201cWhich rental period is possible? Can I also rent at short notice or only for a few weeks? \u201c _builder_version=\u201c4.27.4\u2033 _module_preset=\u201cdefault\u201c body_link_text_color=\u201c#EF7D00\u2033 global_colors_info=\u201c{}\u201c open=\u201coff\u201c]<\/p>\n<p>Minimum rental period 4 weeks, notice period 2 weeks to the end of each month. Move-in date at any time.<\/p>\n<p>[\/et_pb_accordion_item][et_pb_accordion_item title=\u201cHow does the booking and payment of a room work? \u201c _builder_version=\u201c4.27.4\u2033 _module_preset=\u201cdefault\u201c body_link_text_color=\u201c#EF7D00\u2033 global_colors_info=\u201c{}\u201c open=\u201coff\u201c]<\/p>\n<p>Online or in person on site. Payment via invoice, card, Twint.<\/p>\n<p>[\/et_pb_accordion_item][et_pb_accordion_item title=&#8220;Sind die Lagerr\u00e4ume, B\u00fcror\u00e4ume und Werkst\u00e4tte beheizt oder klimatisiert, um empfindliche Gegenst\u00e4nde zu sch\u00fctzen? &#8220; _builder_version=&#8220;4.27.4&#8243; _module_preset=&#8220;default&#8220; body_link_text_color=&#8220;#EF7D00&#8243; global_colors_info=&#8220;{}&#8220; open=&#8220;off&#8220;]Standard: trocken &#038; sauber. Gewisse Etagen verf\u00fcgen auch \u00fcber beheizte R\u00e4ume. [\/et_pb_accordion_item][et_pb_accordion_item title=&#8220;Darf ich meinen Lagerraum untervermieten oder mit jemandem teilen? &#8220; _builder_version=&#8220;4.27.4&#8243; _module_preset=&#8220;default&#8220; body_link_text_color=&#8220;#EF7D00&#8243; global_colors_info=&#8220;{}&#8220; open=&#8220;off&#8220;]Untervermieten\/ Weitervermieten ist verboten. Teilen ist Sache des vertraglichen Nutzers.[\/et_pb_accordion_item][et_pb_accordion_item title=&#8220;Welche Fahrzeugarten k\u00f6nnen in den Garagenpl\u00e4tzen abgestellt werden (Auto, Motorrad, Anh\u00e4nger etc.)? &#8220; _builder_version=&#8220;4.27.4&#8243; _module_preset=&#8220;default&#8220; body_link_text_color=&#8220;#EF7D00&#8243; global_colors_info=&#8220;{}&#8220; open=&#8220;off&#8220;]alles was rein passt. [\/et_pb_accordion_item][et_pb_accordion_item title=&#8220;Wie sicher sind die Garagen \u2013 sind sie abgeschlossen oder \u00fcberwacht? &#8220; _builder_version=&#8220;4.27.4&#8243; _module_preset=&#8220;default&#8220; body_link_text_color=&#8220;#EF7D00&#8243; global_colors_info=&#8220;{}&#8220; open=&#8220;off&#8220;]Abgeschlossen, \u00fcberwacht, kontrollierter Zugang[\/et_pb_accordion_item][et_pb_accordion_item title=&#8220;Kann ich meinen Garagenplatz dauerhaft mieten oder nur tempor\u00e4r (z. B. f\u00fcr den Winter)? &#8220; _builder_version=&#8220;4.27.4&#8243; _module_preset=&#8220;default&#8220; body_link_text_color=&#8220;#EF7D00&#8243; global_colors_info=&#8220;{}&#8220; open=&#8220;off&#8220;]Dauerhaft oder tempor\u00e4r[\/et_pb_accordion_item][et_pb_accordion_item title=&#8220;Wie l\u00e4uft die K\u00fcndigung eines Garagenplatzes oder Raumes ab? Gibt es K\u00fcndigungsfristen? &#8220; _builder_version=&#8220;4.27.4&#8243; _module_preset=&#8220;default&#8220; body_link_text_color=&#8220;#EF7D00&#8243; global_colors_info=&#8220;{}&#8220; open=&#8220;off&#8220;]Kurze Fristen, meist 2 Wochen.[\/et_pb_accordion_item][et_pb_accordion_item title=&#8220;Wie flexibel kann ich meinen Lagerraum, Buroraum oder Garagenplatz wechseln, falls ich mehr oder weniger Platz brauche? &#8220; _builder_version=&#8220;4.27.4&#8243; _module_preset=&#8220;default&#8220; body_link_text_color=&#8220;#EF7D00&#8243; global_colors_info=&#8220;{}&#8220; open=&#8220;off&#8220;]Ja, sehr flexibel je nach Verf\u00fcgbarkeit.[\/et_pb_accordion_item][et_pb_accordion_item title=&#8220;Gibt es eine Versicherung f\u00fcr eingelagertes Eigentum oder Fahrzeuge? &#8220; _builder_version=&#8220;4.27.4&#8243; _module_preset=&#8220;default&#8220; global_colors_info=&#8220;{}&#8220; open=&#8220;off&#8220;]Nutzer haben die M\u00f6glichkeit \u00fcber uns zu versichern oder sonst Ihre eigene Versicherung. [\/et_pb_accordion_item][et_pb_accordion_item title=&#8220;Welche Zahlungsmethoden akzeptiert Room4U f\u00fcr Miete von R\u00e4umen und Garagen? &#8220; _builder_version=&#8220;4.27.4&#8243; _module_preset=&#8220;default&#8220; body_link_text_color=&#8220;gcid-bfd9b167-903b-4119-bac5-4697deea09b1&#8243; global_colors_info=&#8220;{%22gcid-bfd9b167-903b-4119-bac5-4697deea09b1%22:%91%22body_link_text_color%22%93}&#8220; open=&#8220;off&#8220;]Rechnung, Kreditkarte, Twint \u2013 kein Bargeld[\/et_pb_accordion_item][et_pb_accordion_item title=&#8220;Kann ich auch ausserhalb der B\u00fcrozeiten Beratung oder Besichtigungstermine vereinbaren? &#8220; _builder_version=&#8220;4.27.4&#8243; _module_preset=&#8220;default&#8220; global_colors_info=&#8220;{}&#8220; open=&#8220;off&#8220;]Nein \u2013 nur zu den Besichtigungszeiten m\u00f6glich. [\/et_pb_accordion_item][et_pb_accordion_item title=&#8220;Wie sauber und gepflegt sind die Rr\u00e4ume und Garagenpl\u00e4tze? &#8220; _builder_version=&#8220;4.27.4&#8243; _module_preset=&#8220;default&#8220; global_colors_info=&#8220;{}&#8220; open=&#8220;off&#8220;]T\u00e4gliche Kontrollen und t\u00e4gliche Geb\u00e4udereinigung[\/et_pb_accordion_item][et_pb_accordion_item title=&#8220;Gibt es spezielle Angebote oder Rabatte f\u00fcr Langzeitmieter:innen? &#8220; _builder_version=&#8220;4.27.4&#8243; _module_preset=&#8220;default&#8220; global_colors_info=&#8220;{}&#8220; open=&#8220;off&#8220;]Nein, aber wenn bei mehreren R\u00e4umen gibt es einen Rabatt. (ab 3 R\u00e4ume) [\/et_pb_accordion_item][et_pb_accordion_item title=&#8220;Darf ich in meinem Lagerraum oder Werkstatt gef\u00e4hrliche oder leicht entflammbare Gegenst\u00e4nde lagern? &#8220; _builder_version=&#8220;4.27.4&#8243; _module_preset=&#8220;default&#8220; global_colors_info=&#8220;{}&#8220; open=&#8220;off&#8220;]Nein, keine gef\u00e4hrlichen oder leicht entz\u00fcndlichen Stoffe erlaubt.[\/et_pb_accordion_item][\/et_pb_accordion][\/et_pb_column][\/et_pb_row][\/et_pb_section]<\/p>","protected":false},"excerpt":{"rendered":"<p>FAQ about storage rooms We are happy to answer your questionsStorage rooms, hobby rooms, studios, offices, workshops, garages.Furniture, memorabilia, files, goods, collections, materials etc. - everything except hazardous goods.4m\u00b2 to 64m\u00b2 - viewings and consultations are possible without obligation and on site. Video surveillance, modern locking systems, access control.365 days of the year access, but building closed from 0.00am to 06.00am. Exit always granted, but access [...]<\/p>","protected":false},"author":1,"featured_media":0,"parent":0,"menu_order":0,"comment_status":"closed","ping_status":"closed","template":"","meta":{"_et_pb_use_builder":"on","_et_pb_old_content":"","_et_gb_content_width":"","inline_featured_image":false,"footnotes":""},"class_list":["post-80","page","type-page","status-publish","hentry"],"_links":{"self":[{"href":"https:\/\/support-room4u.ch\/en\/wp-json\/wp\/v2\/pages\/80","targetHints":{"allow":["GET"]}}],"collection":[{"href":"https:\/\/support-room4u.ch\/en\/wp-json\/wp\/v2\/pages"}],"about":[{"href":"https:\/\/support-room4u.ch\/en\/wp-json\/wp\/v2\/types\/page"}],"author":[{"embeddable":true,"href":"https:\/\/support-room4u.ch\/en\/wp-json\/wp\/v2\/users\/1"}],"replies":[{"embeddable":true,"href":"https:\/\/support-room4u.ch\/en\/wp-json\/wp\/v2\/comments?post=80"}],"version-history":[{"count":9,"href":"https:\/\/support-room4u.ch\/en\/wp-json\/wp\/v2\/pages\/80\/revisions"}],"predecessor-version":[{"id":222,"href":"https:\/\/support-room4u.ch\/en\/wp-json\/wp\/v2\/pages\/80\/revisions\/222"}],"wp:attachment":[{"href":"https:\/\/support-room4u.ch\/en\/wp-json\/wp\/v2\/media?parent=80"}],"curies":[{"name":"wp","href":"https:\/\/api.w.org\/{rel}","templated":true}]}}